{"id":274,"date":"2026-04-15T10:18:31","date_gmt":"2026-04-15T10:18:31","guid":{"rendered":"https:\/\/planet-gladiola.nl\/home\/"},"modified":"2026-05-06T15:18:35","modified_gmt":"2026-05-06T15:18:35","slug":"home","status":"publish","type":"page","link":"https:\/\/planet-gladiola.nl\/de\/","title":{"rendered":"Home"},"content":{"rendered":"\n\n\t<p>\u00dcbernachten Sie an einem einzigartigen Ort<\/p>\n<h2>\n\t\t\tDe Nijmeegse 4Daagse\t<\/h2>\n\t<article dir=\"auto\" tabindex=\"-1\" data-turn-id=\"d239d2a4-5910-4d88-96bc-31178d9d6ffa\" data-testid=\"conversation-turn-59\" data-scroll-anchor=\"false\" data-turn=\"user\"><\/article>\n<article dir=\"auto\" tabindex=\"-1\" data-turn-id=\"request-WEB:097ccef3-3932-41dc-b92e-3f280a6d5358-29\" data-testid=\"conversation-turn-60\" data-scroll-anchor=\"true\" data-turn=\"assistant\">\nPlanet Gladiola ist die gem\u00fctlichste Unterkunft der 4Daagse-Wanderung in Nijmegen. Ein komfortabler Ort, um entspannt anzukommen, gut zu schlafen und den Tag mit einem herzhaften Fr\u00fchst\u00fcck und einem Lunchpaket f\u00fcr die Weiterreise zu beginnen. Nach jeder Etappe kehren Sie zu einem sch\u00f6nen Ort zur\u00fcck, um zu entspannen, eine gute Mahlzeit zu genie\u00dfen und andere Wanderer kennenzulernen.    \n<p>Sie sind ab dem 19. Juli herzlich willkommen. So k\u00f6nnen Sie die Er\u00f6ffnung in aller Ruhe genie\u00dfen, Ihre Startnummer abholen und entspannt in den ersten Wandertag starten. Auch nach dem Zieleinlauf entlang der Via Gladiola ist die Reise noch nicht vorbei. Sie reisen erst am Samstagmorgen ab und k\u00f6nnen so die unvergessliche Woche der Vier Tage M\u00e4rsche noch lange auskosten.   <\/p>\n<\/article>\n\t\t\t<a href=\"https:\/\/reserveringen.planet-gladiola.nl\/reservation\/date\/4daagse-cabin\" target=\"_self\">\n\t\t\t\t\t\t\tBuchen\n\t\t\t\t\t<\/a>\n\t\t\t<a href=\"tel:+31242022222\"  target=\"_self\">\n\t\t\t\t\t\tZum AnrufenBel direct\n\t\t\t\t\t<\/a>\n\t<p>Alles gut vorbereitet<\/p>\n\t<p>Kein Stress mit Parkplatzsuche, Fr\u00fchst\u00fcckssuche oder Essensversorgung unterwegs. Im Planet Gladiola ist alles im Aufenthalt inbegriffen. <\/p>\n\tFr\u00fchst\u00fcck inklusive.<br \/>\nFr\u00fch und speziell auf Wanderer abgestimmt.\n\tLunchpakket maken<br \/>\nTijdens het ontbijt direct geregeld.\n\t<strong>Gratis parkeren<br \/>\n<\/strong>Op het terrein van Planet Awesome.\n\t<strong>Bar &amp; restaurant<br \/>\n<\/strong>Entspanntes Beisammensein und Plaudern mit anderen Wanderern.\n<figure itemscope itemtype=\"https:\/\/schema.org\/ImageObject\">\n\t\t\t\t<img decoding=\"async\" src=\"https:\/\/planet-gladiola.nl\/wp-content\/uploads\/2026\/04\/Image-compilation-placeholder.png\" alt=\"Image-compilation-placeholder\" height=\"1080\" width=\"1920\" title=\"Image-compilation-placeholder\" onerror=\"this.style.display='none'\" loading=\"lazy\" \/>\n\t<\/figure>\n<h2  id=\"schlaf-units\">\n\t\t\tKomfortable Schlafeinheiten mit Privatsph\u00e4re\t<\/h2>\n\t<p>Planet Gladiola wurde speziell f\u00fcr Teilnehmer der Vier-Tage-M\u00e4rsche konzipiert. Ein komfortabler, praktischer und gem\u00fctlicher Ort zum \u00dcbernachten, wo Sie gut schlafen und sich erholen k\u00f6nnen. <\/p>\n<h3>\n\t\t\tIn jeder Kabine\t<\/h3>\n\t<p><strong>Etagenbett<\/strong><\/p>\n<p>Geeignet f\u00fcr maximal 1 oder 2 Personen<\/p>\n\t<p>Eine gute Matratze<\/p>\n<p>Schlafen Sie erholsam und wachen Sie ausgeruht auf.<\/p>\n\t<p>Bettw\u00e4sche inklusive<\/p>\n<p>Handt\u00fccher, Kissen, Bettdecke und Bettw\u00e4sche<\/p>\n\t<p>Pers\u00f6nliches Schlie\u00dffach <\/p>\n<p>Ihre Wertsachen sicher aufbewahrt<\/p>\n\t<p>Beleuchtung und Steckdose <\/p>\n<p>Praktisch f\u00fcr Handy, Uhr oder Beleuchtung<\/p>\n\t<p><b>Internet<\/b><\/p>\n<p>Kostenloses WLAN verf\u00fcgbar<\/p>\n<h3>\n\t\t\tVor Ort verf\u00fcgbar\t<\/h3>\n\t<p>Ausreichend Duschen<\/p>\n<p>Praktisch f\u00fcr Wanderer angelegt<\/p>\n\t<p><strong>Toiletten<\/strong><\/p>\n<p>Ausreichend vorhanden.<\/p>\n\t<p><strong>Restaurant<\/strong><\/p>\n<p>Chef&#8217;s Choice Menu<\/p>\n\t<p>Gem\u00fctliche Bar<\/p>\n<p>Entspannen, plaudern und mit anderen Wanderern ins Gespr\u00e4ch kommen.<\/p>\n\t<p>Fahrradverleih und -aufbewahrung<\/p>\n<p>Innerhalb von 15 Minuten vom Startpunkt<\/p>\n\t<p>Kostenlose Parkpl\u00e4tze<\/p>\n<p>Ausreichend Parkpl\u00e4tze bei Planet Awesome<\/p>\n<h2  id=\"arrangementen\">\n\t\t\t4Daagse Vereinbarungen\t<\/h2>\n\t<p>W\u00e4hlen Sie das Paket, das am besten zu Ihrer 4-Tage-Woche passt. Alle Pakete beinhalten Fr\u00fchst\u00fcck, die Zubereitung eines Lunchpakets w\u00e4hrend des Fr\u00fchst\u00fccks und Parkpl\u00e4tze direkt am Planet Awesome. Buchen Sie jetzt Ihre Schlafkabine f\u00fcr 1 oder 2 Personen mit 24\/7-Zugang.  <\/p>\n\t<p>SCHLAFH\u00dcTTE<\/p>\n\t<p>2 Personen \/ 6 N\u00e4chte<\/p>\n<h2>\n\t\t\t849\t<\/h2>\n\t<p>Inclusief<\/p>\n\t<p>6 N\u00e4chte<\/p>\n<p>Fr\u00fchst\u00fccksbuffet<\/p>\n<p>Stellen Sie Ihr eigenes Lunchpaket zusammen<\/p>\n<p>Bettw\u00e4sche<\/p>\n<p>Handt\u00fccher<\/p>\n<p>Nutzung von Duschen und Sanit\u00e4ranlagen<\/p>\n<p>Schlie\u00dff\u00e4cher<\/p>\n<p>Stromversorgung<\/p>\n<p>Kostenlose Parkpl\u00e4tze vor Ort<\/p>\n\t\t\t<a href=\"https:\/\/reserveringen.planet-gladiola.nl\/reservation\/date\/4daagse-cabin\" target=\"_self\">\n\t\t\t\t\t\t\tBUCHEN\n\t\t\t\t\t<\/a>\n\t<p>70,75 \u20ac pro Person und Nacht &#8211; basierend auf 6 \u00dcbernachtungen<\/p>\n<a href=\"https:\/\/planet-gladiola.nl\/wp-content\/uploads\/2026\/04\/Algemene-voorwaarden-Planet-Gladiola.docx.pdf\">Annulerings- en reserveringsvoorwaarden<\/a><br \/>\nExclusief \u20ac5,76 p.p. toeristenbelasting\n\t<p>PRIVATE SCHLAFH\u00dcTTE<\/p>\n\t<p>Einzelzimmer \/ 6 N\u00e4chte<\/p>\n<h2>\n\t\t\t549\t<\/h2>\n\t<p>Inklusive<\/p>\n\t<p>6 N\u00e4chte<\/p>\n<p>Fr\u00fchst\u00fccksbuffet<\/p>\n<p>Stellen Sie Ihr eigenes Lunchpaket zusammen<\/p>\n<p>Bettw\u00e4sche<\/p>\n<p>Handt\u00fccher<\/p>\n<p>Nutzung von Duschen und Sanit\u00e4ranlagen<\/p>\n<p>Schlie\u00dff\u00e4cher<\/p>\n<p>Stromversorgung<\/p>\n<p>Kostenlose Parkpl\u00e4tze vor Ort<\/p>\n\t\t\t<a href=\"https:\/\/reserveringen.planet-gladiola.nl\/reservation\/date\/4daagse-cabin\" target=\"_self\">\n\t\t\t\t\t\t\tBUCHEN\n\t\t\t\t\t<\/a>\n\t<p>91,50 \u20ac pro Person und Nacht &#8211; basierend auf 6 \u00dcbernachtungen<\/p>\n<a href=\"https:\/\/planet-gladiola.nl\/wp-content\/uploads\/2026\/04\/Algemene-voorwaarden-Planet-Gladiola.docx.pdf\">Annulerings- en reserveringsvoorwaarden<\/a><br \/>\nExclusief \u20ac5,76 p.p. toeristenbelasting\n\t<p>Gruppenvereinbarung<\/p>\n\t<p>Sind Sie mit mehr als 4 Personen unterwegs? Dann kontaktieren Sie uns bitte f\u00fcr unsere VIP-Privatr\u00e4ume. <\/p>\n\t<p>Kabine teilen?<\/p>\n\t<p>Wanderer, die aus Kostengr\u00fcnden lieber mit einem anderen Teilnehmer eine H\u00fctte teilen m\u00f6chten, k\u00f6nnen uns dies mitteilen. Wir pr\u00fcfen dann gerne, ob wir dies erm\u00f6glichen k\u00f6nnen. <\/p>\n\t<p>Transport<\/p>\n\t<p>Von Planet Gladiola bis zum Startpunkt sind es 4,9 Kilometer. Mit dem Fahrrad dauert dies etwa 15 Minuten. Bringen Sie Ihr eigenes Fahrrad mit oder <a href=\"https:\/\/fietsenverhuurede.nl\/fiets-verhuur-ede\/nijmeegse-vierdaagse-2026\/\" target=\"_blank\" rel=\"noopener\">reservieren Sie<\/a> eines vor Ort.  <\/p>\n<h2>\n\t\t\tRestaurant &amp; gem\u00fctliche Bar\t<\/h2>\n\t<p>Planet Gladiola ist nicht nur ein Ort zum Schlafen, sondern auch ein gem\u00fctliches 4Daagse-Basislager, wo sich Wanderer zum Essen, Entspannen und zum Erfahrungsaustausch treffen.<\/p>\n\t<p>CHEF&#8217;S CHOICE MENU<\/p>\n\t<p>Wandermahlzeiten<\/p>\n\t<p>19,50<\/p>\n\t<p>Daily menu<\/p>\n\t<p>Das Men\u00fc \u201eK\u00fcchenchef-Auswahl&#8220; bietet Ihnen t\u00e4glich nahrhafte Mahlzeiten. Bitte teilen Sie uns mit, falls Sie besondere Ern\u00e4hrungsw\u00fcnsche oder Allergien haben. <\/p>\n\t\t\t<a href=\"https:\/\/planet-gladiola.nl\/wp-content\/uploads\/2026\/04\/Planet-Gladiola-Menu.pdf\" target=\"_self\">\n\t\t\t\t\t\t\tMENU\n\t\t\t\t\t<\/a>\n\t<p>Ohne Getr\u00e4nke<\/p>\n<h2>\n\t\t\tIn der N\u00e4he von Start- und Zielort\t<\/h2>\n<h2>\n\t\t\tBUCHEN\t<\/h2>\n\t<p>M\u00f6chten Sie w\u00e4hrend der 4Daagse eine komfortable \u00dcbernachtung garantieren? Kontaktieren Sie uns f\u00fcr Verf\u00fcgbarkeit und Pakete. <\/p>\n\t\t\t<a href=\"https:\/\/reserveringen.planet-gladiola.nl\/reservation\/date\/4daagse-cabin\" target=\"_self\">\n\t\t\t\t\t\t\tBuchen\n\t\t\t\t\t<\/a>\n\t\t\t<a href=\"tel:+31242022222\"  target=\"_self\">\n\t\t\t\t\t\tZum Anrufen\n\t\t\t\t\t<\/a>\n<h2>\n\t\t\tFAQ\t<\/h2>\n\t<p>Hier findest du die am h\u00e4ufigsten gestellten Fragen zu deinem Aufenthalt bei Planet Gladiola w\u00e4hrend der Nimwegen-Marsch (Nijmeegse 4Daagse).<\/p>\n<h3>\n\t\t\tWas f\u00fcr eine Unterkunft ist Planet Gladiola?\t<\/h3>\n\t\t\t\t\t\t\t\t\t\t<h4 tabindex=\"0\">Was f\u00fcr eine Unterkunft ist Planet Gladiola?<\/h4>\n\t\t\t\t\t<p>W\u00e4hrend der Nimwegen-Marsch (Nijmeegse Vierdaagse) verwandelt sich Planet Awesome Nijmegen in Planet Gladiola: eine tempor\u00e4re Schlafunterkunft speziell f\u00fcr Wanderer. Alles ist auf eine gute Erholung nach einem langen Wandertag ausgerichtet, mit Ruhe, Komfort und praktischen Einrichtungen an einem Ort. So kannst du jeden Tag wieder fit an den Start gehen.<\/p>\n<h3>\n\t\t\tAllgemeines\t<\/h3>\n\t\t\t\t\t\t\t\t\t\t<h4 tabindex=\"0\">Kann ich bei euch kostenlos parken?<\/h4>\nJa, G\u00e4ste von Planet Gladiola k\u00f6nnen kostenlos auf unserem eigenen Parkplatz parken.\n\t\t\t\t\t\t\t\t\t\t<h4 tabindex=\"0\">Kann ich mein Elektroauto aufladen?<\/h4>\nNein, zum jetzigen Zeitpunkt ist es nicht m\u00f6glich, Elektroautos bei Planet Gladiola aufzuladen.\n\t\t\t\t\t\t\t\t\t\t<h4 tabindex=\"0\">Auf welche Weise kann ich bezahlen?<\/h4>\n\t\t\t\t\t<p>Die Unterkunft (einschlie\u00dflich Fr\u00fchst\u00fcck) sowie hinzugebuchte Extras, wie das Chef&#8217;s Choice Men\u00fc und zus\u00e4tzliche Handt\u00fccher, m\u00fcssen im Voraus bezahlt werden; eventuelle Kosten w\u00e4hrend des Aufenthalts k\u00f6nnen sowohl mit Karte als auch in bar beglichen werden.<\/p>\n<h3>\n\t\t\tAufenthalt und Ankunft\t<\/h3>\n\t\t\t\t\t\t\t\t\t\t<h4 tabindex=\"0\">Kann ich das Arrangement auch f\u00fcr einen k\u00fcrzeren Zeitraum nutzen?<\/h4>\n\t\t\t\t\t<p>Der Aufenthaltszeitraum erstreckt sich von Sonntag, den 19.07., 14:00 Uhr bis Samstag, den 25.07., 10:00 Uhr. Eine sp\u00e4tere Anreise oder eine fr\u00fchere Abreise ist m\u00f6glich, hat jedoch keinen Einfluss auf den Preis.<\/p>\n\t\t\t\t\t\t\t\t\t\t<h4 tabindex=\"0\">Um wie viel Uhr kann ich einchecken?<\/h4>\n\t\t\t\t\t<p>Der Check-in ist am Sonntag, den 19.07.2026, von 14:00 Uhr bis 23:00 Uhr m\u00f6glich. M\u00f6chten Sie lieber am Montag einchecken? Das ist von 08:00 Uhr bis 20:30 Uhr m\u00f6glich (aufgrund des Ruheprotokolls).<\/p>\n\t\t\t\t\t\t\t\t\t\t<h4 tabindex=\"0\">Bis wann kann ich auschecken?<\/h4>\n\t\t\t\t\t<p>Der Check-out ist bis Samstag, den 25.07.2026, um 10:00 Uhr m\u00f6glich.<\/p>\n\t\t\t\t\t\t\t\t\t\t<h4 tabindex=\"0\">Kann ich meine Buchung stornieren?<\/h4>\n\t\t\t\t\tJa, eine Stornierung ist m\u00f6glich. Die Stornierungskosten sind wie folgt gestaffelt:\n<ul>\n<li data-path-to-node=\"3,0,0\">Mehr als 3 Monate vor Ankunft: 0 %<\/li>\n<li data-path-to-node=\"3,1,0\">Mehr als 2 bis 3 Monate vor Ankunft: 15 %<\/li>\n<li data-path-to-node=\"3,2,0\">Mehr als 1 bis 2 Monate vor Ankunft: 35 %<\/li>\n<li data-path-to-node=\"3,3,0\">Mehr als 14 Tage bis 1 Monat vor Ankunft: 60 %<\/li>\n<li data-path-to-node=\"3,4,0\">Mehr als 7 bis 14 Tage vor Ankunft: 85 %<\/li>\n<li data-path-to-node=\"3,5,0\">7 Tage oder weniger vor Ankunft: 100 %<\/li>\n<\/ul>\nStornierungen m\u00fcssen schriftlich oder per E-Mail mitgeteilt werden. Als Zeitpunkt der Stornierung gilt das Empfangsdatum.\n\t\t\t\t\t\t\t\t\t\t<h4 tabindex=\"0\">Ich habe eine Verletzung und kann nicht teilnehmen, kann ich stornieren?<\/h4>\n\t\t\t\t\t<p>Ja, eine Stornierung ist gem\u00e4\u00df den oben genannten Stornierungsbedingungen m\u00f6glich.<\/p>\n\t\t\t\t\t\t\t\t\t\t<h4 tabindex=\"0\">An wen kann ich mich bei Fragen oder Problemen w\u00e4hrend meines Aufenthalts wenden?<\/h4>\nDie Rezeption ist rund um die Uhr (24\/7) besetzt und jederzeit f\u00fcr Fragen erreichbar.\n\t\t\t\t\t\t\t\t\t\t<h4 tabindex=\"0\">Wat moet ik doen bij een noodsituatie?<\/h4>\n\t\t\t\t\t<p>Bij spoedgevallen kun je contact opnemen met de aanwezige medewerkers. Er is basis EHBO aanwezig. Voor medische zorg kun je daarnaast terecht bij de offici\u00eble voorzieningen van de Vierdaagse.  <\/p>\n\t\t\t\t\t\t\t\t\t\t<h4 tabindex=\"0\">Ist eine Nachtwache oder ein Ansprechpartner vor Ort?<\/h4>\nJa, auch abends und nachts ist eine Aufsicht in der Unterkunft anwesend.\n\t\t\t\t\t\t\t\t\t\t<h4 tabindex=\"0\">Ist in de fr\u00fchen Morgenstunden jemand anwesend?<\/h4>\n\t\t\t\t\t<p>Ja, auch in den Morgenstunden ist eine Aufsicht f\u00fcr praktische Fragen und Unterst\u00fctzung vor Ort.<\/p>\n\t\t\t\t\t\t\t\t\t\t<h4 tabindex=\"0\">Muss ich mir selbst einen Wecker stellen oder gibt es einen Weckservice?<\/h4>\nEs gibt keinen Weckservice. Wir empfehlen unseren G\u00e4sten, selbst einen Wecker mitzubringen oder diesen auf ihrem Telefon einzustellen.\n<h3>\n\t\t\tEssen &#038; Trinken\t<\/h3>\n\t\t\t\t\t\t\t\t\t\t<h4 tabindex=\"0\">Um wie viel Uhr beginnt das Fr\u00fchst\u00fcck?<\/h4>\n\t\t\t\t\t<p>Das Fr\u00fchst\u00fccksbuffet steht von 02:30 Uhr bis 06:30 Uhr f\u00fcr dich bereit, damit jeder rechtzeitig aufbrechen kann.<\/p>\n\t\t\t\t\t\t\t\t\t\t<h4 tabindex=\"0\">Kann ich Verpflegung f\u00fcr unterwegs mitnehmen?<\/h4>\nW\u00e4hrend des Fr\u00fchst\u00fccks hast du die M\u00f6glichkeit, dir selbst ein Lunchpaket f\u00fcr unterwegs zusammenzustellen; dies ist im Preis des Arrangements inbegriffen.\n\t\t\t\t\t\t\t\t\t\t<h4 tabindex=\"0\">Muss ich das Chef&#8217;s Choice Men\u00fc f\u00fcr alle Tage hinzubuchen?<\/h4>\nNein, du kannst bei der Reservierung angeben, an welchen Tagen du das Chef&#8217;s Choice Men\u00fc nutzen m\u00f6chtest.\n<h3>\n\t\t\tVierdaagse &#038; Erreichbarkeit\t<\/h3>\n\t\t\t\t\t\t\t\t\t\t<h4 tabindex=\"0\">Wie komme ich zum Wedren und wieder zur\u00fcck?<\/h4>\n\t\t\t\t\t<p>Der Wedren ist etwa 15 Minuten mit dem Fahrrad entfernt. Du kannst dein eigenes Fahrrad mitbringen oder ein Fahrrad \u00fcber den folgenden Link mieten:<\/p>\n<p><a href=\"https:\/\/fietsenverhuurede.nl\/fiets-verhuur-ede\/nijmeegse-vierdaagse-2026\/\" target=\"_blank\" rel=\"noopener\">https:\/\/fietsenverhuurede.nl\/fiets-verhuur-ede\/nijmeegse-vierdaagse-2026\/<\/a><\/p>\n\t\t\t\t\t\t\t\t\t\t<h4 tabindex=\"0\">Kann ich ein Fahrrad mieten?<\/h4>\n\t\t\t\t\t<p>Ja, dies ist \u00fcber den externen Vermietungslink m\u00f6glich. Das Fahrrad wird beim Check-in f\u00fcr dich bereitstehen.<\/p>\n<p><a href=\"https:\/\/fietsenverhuurede.nl\/fiets-verhuur-ede\/nijmeegse-vierdaagse-2026\/\" target=\"_blank\" rel=\"noopener\">https:\/\/fietsenverhuurede.nl\/fiets-verhuur-ede\/nijmeegse-vierdaagse-2026\/<\/a><\/p>\n<h3>\n\t\t\tEinrichtungen &#038; Aufenthalt\t<\/h3>\n\t\t\t\t\t\t\t\t\t\t<h4 tabindex=\"0\">Sind sanit\u00e4re Einrichtungen vorhanden?<\/h4>\n\t\t\t\t\t<p>Ja, es sind Toiletten vorhanden. Die Duscheinheiten befinden sich neben dem Eingang.<\/p>\n\t\t\t\t\t\t\t\t\t\t<h4 tabindex=\"0\">Gibt es Platz, um mein Gep\u00e4ck zu lagern?<\/h4>\nJa, an deinem Schlafplatz ist ausreichend Platz vorhanden, um dein pers\u00f6nliches Gep\u00e4ck abzustellen.\n\t\t\t\t\t\t\t\t\t\t<h4 tabindex=\"0\">Gibt es Schlie\u00dff\u00e4cher?<\/h4>\n\t\t\t\t\t<p>Ja, jede Cabin verf\u00fcgt \u00fcber einen eigenen Locker (Schlie\u00dffach).<\/p>\n\t\t\t\t\t\t\t\t\t\t<h4 tabindex=\"0\">Muss ich Bettw\u00e4sche und Handt\u00fccher selbst mitbringen?<\/h4>\n\t\t\t\t\t<p>Bettw\u00e4sche und Handt\u00fccher werden beim Check-in bereitgestellt, sodass du diese nicht selbst mitzubringen brauchst.<\/p>\n\t\t\t\t\t\t\t\t\t\t<h4 tabindex=\"0\">Wie viele Handt\u00fccher sind im Paket enthalten?<\/h4>\n\t\t\t\t\t<p>Du erh\u00e4ltst 4 Handt\u00fccher in der Gr\u00f6\u00dfe 50&#215;100 cm. Zus\u00e4tzliche oder gr\u00f6\u00dfere Handt\u00fccher (70&#215;140 cm) k\u00f6nnen f\u00fcr 4,50 \u20ac pro St\u00fcck hinzugebucht werden.<\/p>\n\t\t\t\t\t\t\t\t\t\t<h4 tabindex=\"0\">Gibt es eine M\u00f6glichkeit, Schuhe und Kleidung zu trocknen?<\/h4>\n\t\t\t\t\t<p>Ja, es gibt Einrichtungen in einem speziellen Raum, in dem du deine Schuhe und Kleidung nach einem Wandertag trocknen lassen kannst.<\/p>\n\t\t\t\t\t\t\t\t\t\t<h4 tabindex=\"0\">Gibt es gen\u00fcgend Steckdosen?<\/h4>\nJa, es gibt ausreichend M\u00f6glichkeiten, um deine Ger\u00e4te aufzuladen.\n\t\t\t\t\t\t\t\t\t\t<h4 tabindex=\"0\">Ist es in der Unterkunft ruhig?<\/h4>\nJa, in den Schlafr\u00e4umen gilt ab 20:30 Uhr ein Ruheprotokoll.\n\t\t\t\t\t\t\t\t\t\t<h4 tabindex=\"0\">Gibt es Raum zum Entspannen?<\/h4>\n\t\t\t\t\t<p>Ja, es gibt verschiedene Bereiche, in denen du nach dem Wandern sitzen und dich entspannen kannst.<\/p>\n\t\t\t\t\t\t\t\t\t\t<h4 tabindex=\"0\">Gibt es Erste Hilfe vor Ort?<\/h4>\nEs ist eine Basis-Erste-Hilfe-Ausr\u00fcstung vorhanden. F\u00fcr eine umfassende medizinische Versorgung kannst du dich an die offiziellen Einrichtungen der Vierdaagse wenden.\n\t\t\t\t\t\t\t\t\t\t<h4 tabindex=\"0\">Kann ich bei Planet Gladiola eine Massage bekommen?<\/h4>\n\t\t\t\t\tBei Planet Gladiola ist kein Masseur anwesend. Du bist jedoch herzlich am Wedren willkommen, wo die Masseure der &#8222;Nederlands Genootschap voor Sportmassage&#8220; f\u00fcr dich bereitstehen. Weitere Informationen findest du auf der Website der 4Daagse: <a id=\"m_-4549264763084761269anchor-ff00fa6f-26ed-c890-b43b-094acebfd779\" title=\"https:\/\/www.4daagse.nl\/praktisch\/massage\" href=\"https:\/\/www.4daagse.nl\/praktisch\/massage\" target=\"_blank\" rel=\"noopener\" data-saferedirecturl=\"https:\/\/www.google.com\/url?q=https:\/\/www.4daagse.nl\/praktisch\/massage&amp;source=gmail&amp;ust=1776506612545000&amp;usg=AOvVaw1bKBQx4aLTDILkYK5jjueC\">Massage<\/a>\n<h3>\n\t\t\tGemeinsam sorgen wir f\u00fcr Ruhe\t<\/h3>\n\t\t\t\t\t\t\t\t\t\t<h4 tabindex=\"0\">Darf ich Besuch in der Unterkunft empfangen?<\/h4>\n\t\t\t\t\t<p>Um es f\u00fcr alle so ruhig und angenehm wie m\u00f6glich zu halten, ist Planet Gladiola ausschlie\u00dflich registrierten G\u00e4sten vorbehalten. So garantieren wir eine sichere und entspannte Atmosph\u00e4re f\u00fcr alle Wanderer.<\/p>\n\t\t\t\t\t\t\t\t\t\t<h4 tabindex=\"0\">Ist Alkohol erlaubt?<\/h4>\n\t\t\t\t\t<p>Alkohol ist erlaubt, solange es gesellig und\u00a0 verantwortungsbewusst bleibt. Wir bitten jeden, R\u00fccksicht aufeinander zu nehmen. Ab 20:30 Uhr gilt in den Schlafr\u00e4umen das Ruheprotokoll, damit sich jeder rechtzeitig f\u00fcr den n\u00e4chsten Wandertag ausruhen kann.<\/p>\n\t\t\t\t\t\t\t\t\t\t<h4 tabindex=\"0\">Wo kann ich rauchen oder vapen?<\/h4>\nDas Rauchen und Vapen ist an den daf\u00fcr vorgesehenen Stellen im Au\u00dfenbereich gestattet. In den Schlafr\u00e4umen und Innenbereichen ist dies nicht erlaubt.\n\t\t\t\t\t\t\t\t\t\t<h4 tabindex=\"0\">Was passiert, wenn das Ruheprotokoll nicht eingehalten wird?<\/h4>\n\t\t\t\t\t<p>Wir vertrauen auf das Verst\u00e4ndnis und die Mitarbeit aller G\u00e4ste. Sollten wir feststellen, dass es zu unruhig wird, sprechen wir die Personen freundlich darauf an. Bei wiederholten Verst\u00f6\u00dfen gegen das Ruheprotokoll beh\u00e4lt sich das Team vor, G\u00e4ste erneut darauf hinzuweisen und gegebenenfalls Ma\u00dfnahmen zu ergreifen.<\/p>\n<h3>\n\t\t\tSonstiges\t<\/h3>\n\t\t\t\t\t\t\t\t\t\t<h4 tabindex=\"0\">Gibt es eine Waschmaschine oder einen Trockner?<\/h4>\n\t\t\t\t\t<p>Nicht direkt bei Planet Gladiola, aber diese stehen an der benachbarten Tankstelle zur Verf\u00fcgung.<\/p>\n\t\t\t\t\t\t\t\t\t\t<h4 tabindex=\"0\">Meine Frage ist hier nicht aufgef\u00fchrt, was nun?<\/h4>\n\t\t\t\t\t<p>Steht deine Frage nicht in den FAQs? Dann nimm gerne Kontakt mit uns per E-Mail auf: <a href=\"mailto:reserveringen@planet-gladiola.nl\">reserveringen@planet-gladiola.nl<\/a><\/p>\nWir helfen dir gerne weiter.\n<figure itemscope itemtype=\"https:\/\/schema.org\/ImageObject\">\n\t\t\t\t<img decoding=\"async\" src=\"https:\/\/planet-gladiola.nl\/wp-content\/uploads\/2026\/04\/Logo-Planet-Gladiola.svg\" alt=\"Logo Planet Gladiola\" height=\"116\" width=\"425\" title=\"Logo Planet Gladiola\" onerror=\"this.style.display='none'\" loading=\"lazy\" \/>\n\t<\/figure>\n\t<p>Besonderer Dank gilt unseren Partnern<\/p>\n<figure itemscope itemtype=\"https:\/\/schema.org\/ImageObject\">\n\t\t\t\t<img decoding=\"async\" src=\"https:\/\/planet-gladiola.nl\/wp-content\/uploads\/2026\/04\/Logo-4daagse.png\" alt=\"Logo 4daagse\" height=\"250\" width=\"400\" title=\"Logo 4daagse\" onerror=\"this.style.display='none'\" loading=\"lazy\" \/>\n\t<\/figure>\n<figure itemscope itemtype=\"https:\/\/schema.org\/ImageObject\">\n\t\t\t\t<img decoding=\"async\" src=\"https:\/\/planet-gladiola.nl\/wp-content\/uploads\/2026\/04\/Logo-Gemeente-Nijmegen.png\" alt=\"Logo Gemeente Nijmegen\" height=\"250\" width=\"400\" title=\"Logo Gemeente Nijmegen\" onerror=\"this.style.display='none'\" loading=\"lazy\" \/>\n\t<\/figure>\n<figure itemscope itemtype=\"https:\/\/schema.org\/ImageObject\">\n\t\t\t\t<img decoding=\"async\" src=\"https:\/\/planet-gladiola.nl\/wp-content\/uploads\/2026\/04\/Logo-Planet-Awesome.png\" alt=\"Logo Planet Awesome\" height=\"250\" width=\"400\" title=\"Logo Planet Awesome\" onerror=\"this.style.display='none'\" loading=\"lazy\" \/>\n\t<\/figure>\n<figure itemscope itemtype=\"https:\/\/schema.org\/ImageObject\">\n\t\t\t\t<img decoding=\"async\" src=\"https:\/\/planet-gladiola.nl\/wp-content\/uploads\/2026\/04\/Logo-TheSleepingAgency.png\" alt=\"Logo TheSleepingAgency\" height=\"250\" width=\"400\" title=\"Logo TheSleepingAgency\" onerror=\"this.style.display='none'\" loading=\"lazy\" \/>\n\t<\/figure>\n<figure itemscope itemtype=\"https:\/\/schema.org\/ImageObject\">\n\t\t\t\t<img decoding=\"async\" src=\"https:\/\/planet-gladiola.nl\/wp-content\/uploads\/2026\/04\/Logo-CocaCola.png\" alt=\"Logo CocaCola\" height=\"250\" width=\"400\" title=\"Logo CocaCola\" onerror=\"this.style.display='none'\" loading=\"lazy\" \/>\n\t<\/figure>\n<figure itemscope itemtype=\"https:\/\/schema.org\/ImageObject\">\n\t\t\t\t<img decoding=\"async\" src=\"https:\/\/planet-gladiola.nl\/wp-content\/uploads\/2026\/04\/Logo-RedBull.png\" alt=\"Logo RedBull\" height=\"250\" width=\"400\" title=\"Logo RedBull\" onerror=\"this.style.display='none'\" loading=\"lazy\" \/>\n\t<\/figure>\n<figure itemscope itemtype=\"https:\/\/schema.org\/ImageObject\">\n\t\t\t\t<img decoding=\"async\" src=\"https:\/\/planet-gladiola.nl\/wp-content\/uploads\/2026\/04\/Logo-Heineken.png\" alt=\"Logo Heineken\" height=\"250\" width=\"400\" title=\"Logo Heineken\" onerror=\"this.style.display='none'\" loading=\"lazy\" \/>\n\t<\/figure>\n<figure itemscope itemtype=\"https:\/\/schema.org\/ImageObject\">\n\t\t\t\t<img decoding=\"async\" src=\"https:\/\/planet-gladiola.nl\/wp-content\/uploads\/2026\/04\/Logo-Hanos.png\" alt=\"Logo Hanos\" height=\"250\" width=\"400\" title=\"Logo Hanos\" onerror=\"this.style.display='none'\" loading=\"lazy\" \/>\n\t<\/figure>\n<figure itemscope itemtype=\"https:\/\/schema.org\/ImageObject\">\n\t\t\t\t<img decoding=\"async\" src=\"https:\/\/planet-gladiola.nl\/wp-content\/uploads\/2026\/04\/Logo-van-Overbeek.png\" alt=\"Logo van Overbeek\" height=\"250\" width=\"400\" title=\"Logo van Overbeek\" onerror=\"this.style.display='none'\" loading=\"lazy\" \/>\n\t<\/figure>\n<figure itemscope itemtype=\"https:\/\/schema.org\/ImageObject\">\n\t\t\t\t<img decoding=\"async\" src=\"https:\/\/planet-gladiola.nl\/wp-content\/uploads\/2026\/04\/Logo-Kasten-Russ.png\" alt=\"Logo Kasten Russ\" height=\"250\" width=\"400\" title=\"Logo Kasten Russ\" onerror=\"this.style.display='none'\" loading=\"lazy\" \/>\n\t<\/figure>\n\n","protected":false},"excerpt":{"rendered":"<p>\u00dcbernachten Sie an einem einzigartigen Ort De Nijmeegse 4Daagse Planet Gladiola ist die gem\u00fctlichste Unterkunft der 4Daagse-Wanderung in Nijmegen. Ein komfortabler Ort, um entspannt anzukommen, gut zu schlafen und den Tag mit einem herzhaften Fr\u00fchst\u00fcck und einem Lunchpaket f\u00fcr die Weiterreise zu beginnen. Nach jeder Etappe kehren Sie zu einem sch\u00f6nen Ort zur\u00fcck, um zu&hellip;<\/p>\n","protected":false},"author":1,"featured_media":0,"parent":0,"menu_order":0,"comment_status":"closed","ping_status":"closed","template":"","meta":{"footnotes":""},"class_list":["post-274","page","type-page","status-publish","hentry"],"_links":{"self":[{"href":"https:\/\/planet-gladiola.nl\/de\/wp-json\/wp\/v2\/pages\/274","targetHints":{"allow":["GET"]}}],"collection":[{"href":"https:\/\/planet-gladiola.nl\/de\/wp-json\/wp\/v2\/pages"}],"about":[{"href":"https:\/\/planet-gladiola.nl\/de\/wp-json\/wp\/v2\/types\/page"}],"author":[{"embeddable":true,"href":"https:\/\/planet-gladiola.nl\/de\/wp-json\/wp\/v2\/users\/1"}],"replies":[{"embeddable":true,"href":"https:\/\/planet-gladiola.nl\/de\/wp-json\/wp\/v2\/comments?post=274"}],"version-history":[{"count":4,"href":"https:\/\/planet-gladiola.nl\/de\/wp-json\/wp\/v2\/pages\/274\/revisions"}],"predecessor-version":[{"id":387,"href":"https:\/\/planet-gladiola.nl\/de\/wp-json\/wp\/v2\/pages\/274\/revisions\/387"}],"wp:attachment":[{"href":"https:\/\/planet-gladiola.nl\/de\/wp-json\/wp\/v2\/media?parent=274"}],"curies":[{"name":"wp","href":"https:\/\/api.w.org\/{rel}","templated":true}]}}